{"id":139,"date":"2018-03-13T20:40:31","date_gmt":"2018-03-13T18:40:31","guid":{"rendered":"http:\/\/kirkkonummensoutajat.fi\/?page_id=139"},"modified":"2018-05-06T20:50:12","modified_gmt":"2018-05-06T18:50:12","slug":"kirkkovene","status":"publish","type":"page","link":"https:\/\/kirkkonummensoutajat.fi\/?page_id=139","title":{"rendered":"Kirkkovene"},"content":{"rendered":"<p><img loading=\"lazy\" decoding=\"async\" class=\"size-medium wp-image-131 aligncenter\" src=\"https:\/\/kirkkonummensoutajat.files.wordpress.com\/2017\/09\/sam_0642.jpg?w=300\" alt=\"\" width=\"300\" height=\"225\" \/><\/p>\n<p>Kirkkovene on pitk\u00e4 puinen soutuvene, jota Suomen j\u00e4rviseuduilla k\u00e4ytettiin aikoinaan kirkkomatkoilla. Kirkkoveneen ensimm\u00e4inen esikuva lienee viikinkien k\u00e4ytt\u00e4miss\u00e4 veneiss\u00e4. 1600- luvun uskonpuhdistuksen j\u00e4lkeen kirkko alkoi vaatia veneiden yll\u00e4pitoa. Kirkkoveneet rakennutti ja omisti tavallisesti usean talon muodostama veneyhti\u00f6, jonka osakkaita olivat maalliset talonpojat. Jokainen osakas omisti airon tai airoparin. Tilattomat saivat lunastaa paikan veneest\u00e4 maksamalla korvausta, osallistumalla kustannuksiin ja soutamalla.<\/p>\n<p>Alkuaan kirkkoveneet olivat suuria, raskaita, monihankaisia ja niiss\u00e4 oli joka 60 airoa. Rinnakkain sopi 8 henkil\u00f6\u00e4 ja airopareja oli 30. Niinp\u00e4 kirkkoveneeseen mahtui jopa 240 kulkijaa. Kirkkovenesoudun merkitys kirkolliseen perinteeseen liittyen katosi muiden kulkuneuvojen tultua 1920- luvulle menness\u00e4. Alkuper\u00e4isi\u00e4 kirkkoveneit\u00e4 on museoitu monella paikkakunnalla eri puolilla maata, mm. seurasaaren ulkoilumuseossa.<\/p>\n<p>Nyky\u00e4\u00e4n kirkkoveneet ovat suosittuja kunto- ja kilpasouduissa. Kilpailuk\u00e4ytt\u00f6\u00f6n tarkoitetuissa kirkkoveneiss\u00e4 on 14 soutajaa ja per\u00e4mies. Veneen pituus on 12 metri\u00e4, leveys v\u00e4hint\u00e4\u00e4n 1,8 metri\u00e4 ja painoa veneell\u00e4 on noin 350-400 kiloa. Soutu tapahtuu per\u00e4miehen edess\u00e4 olevan, tahtiairoissa istuvan parin osoittaman tahdin mukaan. Per\u00e4miehen teht\u00e4v\u00e4n\u00e4 on ohjata venett\u00e4 ja kiritt\u00e4\u00e4 soutajia.<\/p>\n<p>&nbsp;<\/p>\n<p><strong>KIRKKONUMMEN SOUTAJIEN VENEET<\/strong><\/p>\n<div>Kirkkonummen Soutajilla on kaksi kirkkovenett\u00e4:<\/div>\n<div><\/div>\n<div>P\u00e4iv\u00e4ns\u00e4de\u00a0\u00a0\u00a0\u00a0\u00a0\u00a0\u00a0\u00a0\u00a0\u00a0\u00a0\u00a0\u00a0\u00a0\u00a0\u00a0\u00a0\u00a0\u00a0\u00a0 \u00a0 \u00a0 \u00a0 \u00a0\u00a0\u00a0\u00a0\u00a0\u00a0\u00a0\u00a0\u00a0\u00a0\u00a0\u00a0\u00a0\u00a0\u00a0\u00a0\u00a0\u00a0\u00a0\u00a0\u00a0\u00a0\u00a0\u00a0\u00a0\u00a0\u00a0\u00a0\u00a0\u00a0\u00a0\u00a0\u00a0\u00a0\u00a0\u00a0 \u00a0 \u00a0 \u00a0 \u00a0\u00a0\u00a0\u00a0 \u00a0 \u00a0 \u00a0 Merituuli<\/div>\n<div><img loading=\"lazy\" decoding=\"async\" class=\"alignnone size-medium wp-image-144\" src=\"https:\/\/kirkkonummensoutajat.fi\/wp-content\/uploads\/2018\/03\/20170822_182131-e1520966709903-225x300.jpg\" alt=\"\" width=\"225\" height=\"300\" srcset=\"https:\/\/kirkkonummensoutajat.fi\/wp-content\/uploads\/2018\/03\/20170822_182131-e1520966709903-225x300.jpg 225w, https:\/\/kirkkonummensoutajat.fi\/wp-content\/uploads\/2018\/03\/20170822_182131-e1520966709903-768x1024.jpg 768w\" sizes=\"auto, (max-width: 225px) 100vw, 225px\" \/><img loading=\"lazy\" decoding=\"async\" class=\"details-image alignright\" draggable=\"false\" src=\"https:\/\/kirkkonummensoutajat.fi\/wp-content\/uploads\/2018\/03\/DSCN9090-1024x768.jpg\" alt=\"\" width=\"313\" height=\"235\" \/><\/div>\n","protected":false},"excerpt":{"rendered":"<p>Kirkkovene on pitk\u00e4 puinen soutuvene, jota Suomen j\u00e4rviseuduilla k\u00e4ytettiin aikoinaan kirkkomatkoilla. Kirkkoveneen ensimm\u00e4inen esikuva lienee viikinkien k\u00e4ytt\u00e4miss\u00e4 veneiss\u00e4. 1600- luvun uskonpuhdistuksen j\u00e4lkeen kirkko alkoi vaatia veneiden yll\u00e4pitoa. Kirkkoveneet rakennutti ja omisti tavallisesti usean talon muodostama veneyhti\u00f6, jonka osakkaita olivat maalliset talonpojat. Jokainen osakas omisti airon tai airoparin. Tilattomat saivat lunastaa paikan veneest\u00e4 maksamalla korvausta, osallistumalla&hellip; <a href=\"https:\/\/kirkkonummensoutajat.fi\/?page_id=139\" class=\"more-link\">Jatka lukemista <span class=\"screen-reader-text\">Kirkkovene<\/span><\/a><\/p>\n","protected":false},"author":1,"featured_media":0,"parent":0,"menu_order":12,"comment_status":"closed","ping_status":"closed","template":"","meta":{"footnotes":""},"tags":[],"class_list":["post-139","page","type-page","status-publish","hentry","without-featured-image"],"jetpack_sharing_enabled":true,"_links":{"self":[{"href":"https:\/\/kirkkonummensoutajat.fi\/index.php?rest_route=\/wp\/v2\/pages\/139","targetHints":{"allow":["GET"]}}],"collection":[{"href":"https:\/\/kirkkonummensoutajat.fi\/index.php?rest_route=\/wp\/v2\/pages"}],"about":[{"href":"https:\/\/kirkkonummensoutajat.fi\/index.php?rest_route=\/wp\/v2\/types\/page"}],"author":[{"embeddable":true,"href":"https:\/\/kirkkonummensoutajat.fi\/index.php?rest_route=\/wp\/v2\/users\/1"}],"replies":[{"embeddable":true,"href":"https:\/\/kirkkonummensoutajat.fi\/index.php?rest_route=%2Fwp%2Fv2%2Fcomments&post=139"}],"version-history":[{"count":8,"href":"https:\/\/kirkkonummensoutajat.fi\/index.php?rest_route=\/wp\/v2\/pages\/139\/revisions"}],"predecessor-version":[{"id":207,"href":"https:\/\/kirkkonummensoutajat.fi\/index.php?rest_route=\/wp\/v2\/pages\/139\/revisions\/207"}],"wp:attachment":[{"href":"https:\/\/kirkkonummensoutajat.fi\/index.php?rest_route=%2Fwp%2Fv2%2Fmedia&parent=139"}],"wp:term":[{"taxonomy":"post_tag","embeddable":true,"href":"https:\/\/kirkkonummensoutajat.fi\/index.php?rest_route=%2Fwp%2Fv2%2Ftags&post=139"}],"curies":[{"name":"wp","href":"https:\/\/api.w.org\/{rel}","templated":true}]}}