{"id":178,"date":"2018-04-15T10:08:33","date_gmt":"2018-04-15T08:08:33","guid":{"rendered":"http:\/\/kirkkonummensoutajat.fi\/?page_id=178"},"modified":"2023-10-15T20:21:55","modified_gmt":"2023-10-15T18:21:55","slug":"juhlasoutu","status":"publish","type":"page","link":"https:\/\/kirkkonummensoutajat.fi\/?page_id=178","title":{"rendered":"Historiikkia"},"content":{"rendered":"\n<h2 class=\"wp-block-heading\"><strong>Kirkkonummen soutajat 25 vuotta 9.9.2023<\/strong><\/h2>\n\n\n\n<p>Kirkkonummen soutajat ry \/ Kyrksl\u00e4tt Roddare rf saavutti 25 vuoden i\u00e4n 9.9.2023 ja tilaisuutta juhlittiin \u2013 kuinkas muuten kuin soutaen.<\/p>\n\n\n\n<p>25 vuoteen on mahtunut monenlaista toimintaa. Vuosittain olemme osallistuneet Sulkavan soutuihin hein\u00e4kuussa, parhaina vuosina kahdellakin veneell\u00e4.<\/p>\n\n\n\n<p>Lis\u00e4ksi ohjelmassamme on ollut Suurlohjan soudut (yleens\u00e4 kes\u00e4kuussa) ja Kulosaaren ymp\u00e4risoutu syyskuussa. Iitin Tiltu-soutuihinkin on osallistuttu sek\u00e4 Kaarinan soutuihin ja Mommilan souteluihin.<\/p>\n\n\n\n<p>Olemme osallistuneet my\u00f6s puolimatkan SM-soutuihin Kymijoessa. Viikko\u00adhar\u00adjoi\u00adtuksia on pidetty avove\u00adsi\u00adkau\u00addella tiistai- ja torstai-iltaisin (ja joskus my\u00f6s maanantaisin) ja lis\u00e4ksi viikon\u00adlop\u00adpuisin on toteutettu erilaisia retkisoutuja, esim. l\u00e4hisaarille kuten Stora Hals\u00f6lle. On my\u00f6s otettu vene trailerille ja k\u00e4yty soutamassa mm. Porkala Marinasta.<\/p>\n\n\n\n<p>Meill\u00e4 on ollut yhteisty\u00f6t\u00e4 naapu\u00adri\u00adseu\u00adrojen Espoon soutajien ja Inkoon Inga-Lundan kanssa ja yhdess\u00e4 on j\u00e4rjestetty yst\u00e4vyys\u00adsoutuja. Aiempina toimin\u00adta\u00advuosina on j\u00e4rjestetty elokuun lopulla Kirkkonummen soututapahtuma, jossa on p\u00e4\u00e4ssyt mm. kokeilemaan leikkimielist\u00e4 haastesoutua. Vuonna 2013 j\u00e4rjestettiin Olympialuokan SM-kisatapahtuma Kirkkonummen L\u00e5ngvikissa.<\/p>\n\n\n\n<p>Kisame\u00adnes\u00adtys\u00adt\u00e4kin olemme saavuttaneet, mm. Sulkavalla joukkueemme on saanut MM-pronssia ja SM-hopeaa v. 2011. Vuonna 2012 osallistuimme Ruotsissa G\u00f6ta-joen soutuihin (G\u00f6ta\u00e4lv rodden) ja voitimme 10-Huggare-sarjassa kultamitalin. Ja t\u00e4n\u00e4 vuonna tulimme Lohjan souduissa kirkkoveneiden ykk\u00f6seksi.<\/p>\n\n\n\n<p>Toimintamme on nykyisell\u00e4\u00e4n kunto\u00adsou\u00adtu\u00adpai\u00adnot\u00adteista. Kirkkonummen soutajien soutu\u00adhar\u00adjoi\u00adtukset pidet\u00e4\u00e4n avovesikaudella kahdesti viikossa, tiistai- ja torstai-iltaisin klo 18. Lis\u00e4ksi toteutamme retkisoutuja viikonloppuisin. Veneemme P\u00e4iv\u00e4ns\u00e4de on 12 m pitk\u00e4 ja siihen mahtuu 14 soutajaa ja per\u00e4mies. Avovesikauden ulkopuolella meill\u00e4 on kuntopiiri Kirkkonummen uimahallilla.<\/p>\n\n\n\n<p>Kirkkonummen Soutajat 25 vuotta &#8211; <a href=\"https:\/\/www.kirkkonummensanomat.fi\/neo\/?app=NeoDirect&amp;com=6\/159\/71919\/fe2ec135f4\" target=\"_blank\" rel=\"noreferrer noopener\">artikkeli Kirkkonummen Sanomissa<\/a><\/p>\n\n\n\n<p><\/p>\n\n\n\n<p><\/p>\n\n\n\n<p><\/p>\n\n\n\n<p><\/p>\n\n\n\n<p><\/p>\n\n\n\n<p><\/p>\n\n\n\n<p><\/p>\n\n\n<p>\u00a0<\/p>\n<p>\u00a0<\/p>\n<p>\u00a0<\/p>\n<p><strong>Kirkkonummen Soutajat t\u00e4ytt\u00e4\u00e4 vuonna 2018 20 vuotta ja sen kunniaksi on luvassa sek\u00e4 perinteisi\u00e4 ett\u00e4 uusia, ainutlaatuisia tapahtumia. Kes\u00e4kuuksi suunnittelemme juhlasoutua ja loppukaudesta 20-vuotisjuhlia. Tervetuloa mukaan suunnittelemaan, soutamaan ja juhlimaan!<\/strong><\/p>\n<p>\u00a0<\/p>\n<h1>Kirkkonummen Soutajien juhlasoutu 9.6.2018<\/h1>\n<p class=\"teksti\">Kirkkonummen Soutajat viettiv\u00e4t 20-vuotista taivaltaan juhlasoudun merkeiss\u00e4. Porkkala Marin oli soudun l\u00e4ht\u00f6- ja paluupaikka. 20 kilometrin soudun j\u00e4lkeen nautittiin maittava lounas Ravintola Brygganissa. Tilaisuudessa jaettiin RMV-Korun lahjoittamat mitalit osallis\u00adtu\u00adneille.<\/p>\n<p><img loading=\"lazy\" decoding=\"async\" class=\"size-medium wp-image-227 aligncenter\" src=\"https:\/\/kirkkonummensoutajat.fi\/wp-content\/uploads\/2018\/07\/Juhlasoutu-kollaasi-300x300.jpg\" alt=\"\" width=\"300\" height=\"300\" srcset=\"https:\/\/kirkkonummensoutajat.fi\/wp-content\/uploads\/2018\/07\/Juhlasoutu-kollaasi-300x300.jpg 300w, https:\/\/kirkkonummensoutajat.fi\/wp-content\/uploads\/2018\/07\/Juhlasoutu-kollaasi-150x150.jpg 150w, https:\/\/kirkkonummensoutajat.fi\/wp-content\/uploads\/2018\/07\/Juhlasoutu-kollaasi-768x768.jpg 768w, https:\/\/kirkkonummensoutajat.fi\/wp-content\/uploads\/2018\/07\/Juhlasoutu-kollaasi-1024x1024.jpg 1024w, https:\/\/kirkkonummensoutajat.fi\/wp-content\/uploads\/2018\/07\/Juhlasoutu-kollaasi-180x180.jpg 180w, https:\/\/kirkkonummensoutajat.fi\/wp-content\/uploads\/2018\/07\/Juhlasoutu-kollaasi.jpg 1200w\" sizes=\"auto, (max-width: 300px) 100vw, 300px\" \/><\/p>\n<p>\u00a0<\/p>\n<h1>Syyskuussa jatketaan juhlimista<\/h1>\n<p>\u00a0<\/p>\n<p><strong>Hyv\u00e4t Kirkkonummen Soutajien j\u00e4senet, nykyiset ja entiset!<\/strong><\/p>\n<p>Vuonna 1998 perustettu seuramme on saavuttanut kunniakkaan 20 vuoden i\u00e4n. Tervetuloa juhlistamaan menneit\u00e4 ja tulevia vuosia yst\u00e4vien sek\u00e4 hyv\u00e4n ruoan ja juoman parissa<strong> 21.9.2018 klo 18.00, <\/strong>paikkana Cafe Cleopatra, Kauppakeskus Kirsikka, <span class=\"st\">Saloviuksentie 3 A 6, Kirkkonummi<\/span>. My\u00f6s perheenj\u00e4senet l\u00e4mpim\u00e4sti tervetuloa! Iltaa vietet\u00e4\u00e4n rennoissa tunnelmissa, live jazz-musiikin tahdissa.<\/p>\n<p><a href=\"https:\/\/www.rmv-korut.fi\/\" target=\"_blank\" rel=\"noopener\"><img loading=\"lazy\" decoding=\"async\" class=\"size-medium wp-image-230 alignright\" src=\"https:\/\/kirkkonummensoutajat.fi\/wp-content\/uploads\/2018\/07\/RMV-koru-300x196.jpg\" alt=\"\" width=\"300\" height=\"196\" srcset=\"https:\/\/kirkkonummensoutajat.fi\/wp-content\/uploads\/2018\/07\/RMV-koru-300x196.jpg 300w, https:\/\/kirkkonummensoutajat.fi\/wp-content\/uploads\/2018\/07\/RMV-koru-768x501.jpg 768w, https:\/\/kirkkonummensoutajat.fi\/wp-content\/uploads\/2018\/07\/RMV-koru-1024x667.jpg 1024w\" sizes=\"auto, (max-width: 300px) 100vw, 300px\" \/><\/a><\/p>\n<p>\u00a0<\/p>","protected":false},"excerpt":{"rendered":"<p>Kirkkonummen Soutajat viettiv\u00e4t 20-vuotista taivaltaan juhlasoudun merkeiss\u00e4 9.6.2018 Porkkalanniemen maisemissa. <\/p>\n","protected":false},"author":1,"featured_media":0,"parent":0,"menu_order":6,"comment_status":"closed","ping_status":"closed","template":"","meta":{"footnotes":""},"tags":[],"class_list":["post-178","page","type-page","status-publish","hentry","without-featured-image"],"jetpack_sharing_enabled":true,"_links":{"self":[{"href":"https:\/\/kirkkonummensoutajat.fi\/index.php?rest_route=\/wp\/v2\/pages\/178","targetHints":{"allow":["GET"]}}],"collection":[{"href":"https:\/\/kirkkonummensoutajat.fi\/index.php?rest_route=\/wp\/v2\/pages"}],"about":[{"href":"https:\/\/kirkkonummensoutajat.fi\/index.php?rest_route=\/wp\/v2\/types\/page"}],"author":[{"embeddable":true,"href":"https:\/\/kirkkonummensoutajat.fi\/index.php?rest_route=\/wp\/v2\/users\/1"}],"replies":[{"embeddable":true,"href":"https:\/\/kirkkonummensoutajat.fi\/index.php?rest_route=%2Fwp%2Fv2%2Fcomments&post=178"}],"version-history":[{"count":29,"href":"https:\/\/kirkkonummensoutajat.fi\/index.php?rest_route=\/wp\/v2\/pages\/178\/revisions"}],"predecessor-version":[{"id":443,"href":"https:\/\/kirkkonummensoutajat.fi\/index.php?rest_route=\/wp\/v2\/pages\/178\/revisions\/443"}],"wp:attachment":[{"href":"https:\/\/kirkkonummensoutajat.fi\/index.php?rest_route=%2Fwp%2Fv2%2Fmedia&parent=178"}],"wp:term":[{"taxonomy":"post_tag","embeddable":true,"href":"https:\/\/kirkkonummensoutajat.fi\/index.php?rest_route=%2Fwp%2Fv2%2Ftags&post=178"}],"curies":[{"name":"wp","href":"https:\/\/api.w.org\/{rel}","templated":true}]}}