{"id":36,"date":"2018-03-12T18:41:02","date_gmt":"2018-03-12T16:41:02","guid":{"rendered":"http:\/\/kirkkonummensoutajat.fi\/?page_id=36"},"modified":"2018-03-13T20:03:18","modified_gmt":"2018-03-13T18:03:18","slug":"mita-on-kirkkovenesoutu","status":"publish","type":"page","link":"https:\/\/kirkkonummensoutajat.fi\/?page_id=36","title":{"rendered":"Kirkkovenesoutu"},"content":{"rendered":"<p><img loading=\"lazy\" decoding=\"async\" class=\"size-medium wp-image-38 aligncenter\" src=\"https:\/\/kirkkonummensoutajat.fi\/wp-content\/uploads\/2018\/03\/Kulosaaren-veneenlasku.-300x225.jpg\" alt=\"\" width=\"300\" height=\"225\" srcset=\"https:\/\/kirkkonummensoutajat.fi\/wp-content\/uploads\/2018\/03\/Kulosaaren-veneenlasku.-300x225.jpg 300w, https:\/\/kirkkonummensoutajat.fi\/wp-content\/uploads\/2018\/03\/Kulosaaren-veneenlasku.-768x576.jpg 768w, https:\/\/kirkkonummensoutajat.fi\/wp-content\/uploads\/2018\/03\/Kulosaaren-veneenlasku.-1024x768.jpg 1024w\" sizes=\"auto, (max-width: 300px) 100vw, 300px\" \/><\/p>\n<p>&nbsp;<\/p>\n<p>Kirkkovenesoutu on monipuolinen ja virkist\u00e4v\u00e4 liikuntamuoto, jossa soudetaan yhdess\u00e4 samaan tahtiin. Kuuluminen joukkueeseen, jolla on yhteinen ja mielek\u00e4s tavoite, luo me-henke\u00e4. Johtoairo m\u00e4\u00e4r\u00e4\u00e4 tahdin ja jokainen soutaja seuraa sit\u00e4 keskittyneesti. Hyv\u00e4 tekninen osaaminen, hyv\u00e4 ja kannustava ilmapiiri sek\u00e4 innostus lajiin tuottavat onnistumista, mielihyv\u00e4\u00e4 ja el\u00e4myksi\u00e4.<\/p>\n<p>Kyrksb\u00e5tsrodd \u00e4r en m\u00e5ngsidig och stimulerande motionsform d\u00e4r man ror tillsammans i samma takt. Att h\u00f6ra till ett lag som har ett gemensamt och trevligt m\u00e5l skapar vi-anda. Styr\u00e5ran best\u00e4mmer takten och varje roddare f\u00f6ljer den koncentrerat. Ett gott tekniskt kunnande, bra och uppmuntrande st\u00e4mning och intresse f\u00f6r grenen leder till framg\u00e5ng, tillfredst\u00e4llelse och upplevelser.<\/p>\n<p>&nbsp;<\/p>\n<p><img loading=\"lazy\" decoding=\"async\" class=\"size-medium wp-image-39 aligncenter\" src=\"https:\/\/kirkkonummensoutajat.fi\/wp-content\/uploads\/2018\/03\/soutu-1-300x200.jpg\" alt=\"\" width=\"300\" height=\"200\" srcset=\"https:\/\/kirkkonummensoutajat.fi\/wp-content\/uploads\/2018\/03\/soutu-1-300x200.jpg 300w, https:\/\/kirkkonummensoutajat.fi\/wp-content\/uploads\/2018\/03\/soutu-1.jpg 350w\" sizes=\"auto, (max-width: 300px) 100vw, 300px\" \/><\/p>\n","protected":false},"excerpt":{"rendered":"<p>&nbsp; Kirkkovenesoutu on monipuolinen ja virkist\u00e4v\u00e4 liikuntamuoto, jossa soudetaan yhdess\u00e4 samaan tahtiin. Kuuluminen joukkueeseen, jolla on yhteinen ja mielek\u00e4s tavoite, luo me-henke\u00e4. Johtoairo m\u00e4\u00e4r\u00e4\u00e4 tahdin ja jokainen soutaja seuraa sit\u00e4 keskittyneesti. Hyv\u00e4 tekninen osaaminen, hyv\u00e4 ja kannustava ilmapiiri sek\u00e4 innostus lajiin tuottavat onnistumista, mielihyv\u00e4\u00e4 ja el\u00e4myksi\u00e4. Kyrksb\u00e5tsrodd \u00e4r en m\u00e5ngsidig och stimulerande motionsform d\u00e4r man&hellip; <a href=\"https:\/\/kirkkonummensoutajat.fi\/?page_id=36\" class=\"more-link\">Jatka lukemista <span class=\"screen-reader-text\">Kirkkovenesoutu<\/span><\/a><\/p>\n","protected":false},"author":1,"featured_media":0,"parent":0,"menu_order":3,"comment_status":"closed","ping_status":"closed","template":"","meta":{"footnotes":""},"tags":[],"class_list":["post-36","page","type-page","status-publish","hentry","without-featured-image"],"jetpack_sharing_enabled":true,"_links":{"self":[{"href":"https:\/\/kirkkonummensoutajat.fi\/index.php?rest_route=\/wp\/v2\/pages\/36","targetHints":{"allow":["GET"]}}],"collection":[{"href":"https:\/\/kirkkonummensoutajat.fi\/index.php?rest_route=\/wp\/v2\/pages"}],"about":[{"href":"https:\/\/kirkkonummensoutajat.fi\/index.php?rest_route=\/wp\/v2\/types\/page"}],"author":[{"embeddable":true,"href":"https:\/\/kirkkonummensoutajat.fi\/index.php?rest_route=\/wp\/v2\/users\/1"}],"replies":[{"embeddable":true,"href":"https:\/\/kirkkonummensoutajat.fi\/index.php?rest_route=%2Fwp%2Fv2%2Fcomments&post=36"}],"version-history":[{"count":2,"href":"https:\/\/kirkkonummensoutajat.fi\/index.php?rest_route=\/wp\/v2\/pages\/36\/revisions"}],"predecessor-version":[{"id":138,"href":"https:\/\/kirkkonummensoutajat.fi\/index.php?rest_route=\/wp\/v2\/pages\/36\/revisions\/138"}],"wp:attachment":[{"href":"https:\/\/kirkkonummensoutajat.fi\/index.php?rest_route=%2Fwp%2Fv2%2Fmedia&parent=36"}],"wp:term":[{"taxonomy":"post_tag","embeddable":true,"href":"https:\/\/kirkkonummensoutajat.fi\/index.php?rest_route=%2Fwp%2Fv2%2Ftags&post=36"}],"curies":[{"name":"wp","href":"https:\/\/api.w.org\/{rel}","templated":true}]}}