{"id":41,"date":"2018-03-12T18:54:17","date_gmt":"2018-03-12T16:54:17","guid":{"rendered":"http:\/\/kirkkonummensoutajat.fi\/?page_id=41"},"modified":"2018-03-13T21:13:50","modified_gmt":"2018-03-13T19:13:50","slug":"seuran-esittely","status":"publish","type":"page","link":"https:\/\/kirkkonummensoutajat.fi\/?page_id=41","title":{"rendered":"Seuran esittely"},"content":{"rendered":"<p>Kirkkonummen Soutajat ry\/ Kyrksl\u00e4tts Roddare rf on vuonna 1998 perustettu seura, jonka toiminnan ensisijaisia tavoitteita ovat:<\/p>\n<p><img decoding=\"async\" src=\"https:\/\/kirkkonummensoutajat.fi\/kuvat\/ball.gif\" \/>Kirkkovenesoudun ja yleens\u00e4 soudun liikunnallisen merkityksen esiin nostaminen eri-ik\u00e4isten ihmisten piiriss\u00e4<\/p>\n<p><img decoding=\"async\" src=\"https:\/\/kirkkonummensoutajat.fi\/kuvat\/ball.gif\" \/>Erityisen\u00e4 tavoitteena on tuoda soutu esiin erinomaisena fyysisen ja henkisen ty\u00f6kyvyn yll\u00e4pit\u00e4misen liikuntamuotona<\/p>\n<p><img decoding=\"async\" src=\"https:\/\/kirkkonummensoutajat.fi\/kuvat\/ball.gif\" \/>Kirkkonummen kunnan tunnettavuuden kohottaminen osallistumalla kirkkovenejoukkueella erilaisiin soututapahtumiin etel\u00e4isen Suomen alueella<\/p>\n<p><img decoding=\"async\" src=\"https:\/\/kirkkonummensoutajat.fi\/kuvat\/ball.gif\" \/>Kirkkonummen ja l\u00e4hiseudun asukkaiden tutustuttaminen rannikkomaisemaan merelt\u00e4 k\u00e4sin<\/p>\n<p><img loading=\"lazy\" decoding=\"async\" class=\"size-medium wp-image-47 aligncenter\" src=\"https:\/\/kirkkonummensoutajat.fi\/wp-content\/uploads\/2018\/03\/SAM_2032-300x225.jpg\" alt=\"\" width=\"300\" height=\"225\" srcset=\"https:\/\/kirkkonummensoutajat.fi\/wp-content\/uploads\/2018\/03\/SAM_2032-300x225.jpg 300w, https:\/\/kirkkonummensoutajat.fi\/wp-content\/uploads\/2018\/03\/SAM_2032-768x576.jpg 768w, https:\/\/kirkkonummensoutajat.fi\/wp-content\/uploads\/2018\/03\/SAM_2032-1024x768.jpg 1024w\" sizes=\"auto, (max-width: 300px) 100vw, 300px\" \/><\/p>\n<p>&nbsp;<\/p>\n<p>Kirkkonummen Soutajilla on kaksi kirkkovenett\u00e4; P\u00e4iv\u00e4ns\u00e4de ja Merituuli. P\u00e4iv\u00e4ns\u00e4de hankittiin vuonna 1998. Veneen on tehnyt Sulkavalla veneenveist\u00e4j\u00e4 Kauko Miettinen. Alun perin vene oli viirapenkkivene ja sit\u00e4 soudettaessa jalkaan pit\u00e4\u00e4 vet\u00e4\u00e4 viirahousut. Vuoden 2005 alkupuolella P\u00e4iv\u00e4ns\u00e4de vietiin Sulkavalle Pauli Parkkisen veneveist\u00e4m\u00f6lle, jossa veneeseen vaihdettiin liikkuvat rullapenkit. Merituuli: Kasvava halu p\u00e4rj\u00e4t\u00e4 paremmin Sulkavalla muita joukkueita vastaan sai kilpailuhenkiset soutajat vaatimaan seuraa hankkimaan hyv\u00e4kuntoisen kilpaveneen k\u00e4ytt\u00f6\u00f6ns\u00e4. Vaatimukset t\u00e4ytt\u00e4v\u00e4 kirkkovene l\u00f6ytyi Soutu- ja kuntoseura Jouteleelta Helsingist\u00e4 ja vene haettiin kev\u00e4\u00e4ll\u00e4 2008. Veneen on valmistanut Jukka Halttunen vuonna 2002 ja vuonna 2004 teki Jouteleen huoltoryhm\u00e4 veneeseen muutost\u00f6it\u00e4. Vene on kilpailuk\u00e4ytt\u00f6\u00f6n trimmattu; hankaintapit ovat ruostumatonta ter\u00e4st\u00e4 ja keulan sek\u00e4 per\u00e4n penkkirakenteen on muutettu ergonomiseksi vammojen ehk\u00e4isemiseksi.<\/p>\n","protected":false},"excerpt":{"rendered":"<p>Kirkkonummen Soutajat ry\/ Kyrksl\u00e4tts Roddare rf on vuonna 1998 perustettu seura, jonka toiminnan ensisijaisia tavoitteita ovat: Kirkkovenesoudun ja yleens\u00e4 soudun liikunnallisen merkityksen esiin nostaminen eri-ik\u00e4isten ihmisten piiriss\u00e4 Erityisen\u00e4 tavoitteena on tuoda soutu esiin erinomaisena fyysisen ja henkisen ty\u00f6kyvyn yll\u00e4pit\u00e4misen liikuntamuotona Kirkkonummen kunnan tunnettavuuden kohottaminen osallistumalla kirkkovenejoukkueella erilaisiin soututapahtumiin etel\u00e4isen Suomen alueella Kirkkonummen ja l\u00e4hiseudun asukkaiden&hellip; <a href=\"https:\/\/kirkkonummensoutajat.fi\/?page_id=41\" class=\"more-link\">Jatka lukemista <span class=\"screen-reader-text\">Seuran esittely<\/span><\/a><\/p>\n","protected":false},"author":1,"featured_media":0,"parent":0,"menu_order":4,"comment_status":"closed","ping_status":"closed","template":"","meta":{"footnotes":""},"tags":[],"class_list":["post-41","page","type-page","status-publish","hentry","without-featured-image"],"jetpack_sharing_enabled":true,"_links":{"self":[{"href":"https:\/\/kirkkonummensoutajat.fi\/index.php?rest_route=\/wp\/v2\/pages\/41","targetHints":{"allow":["GET"]}}],"collection":[{"href":"https:\/\/kirkkonummensoutajat.fi\/index.php?rest_route=\/wp\/v2\/pages"}],"about":[{"href":"https:\/\/kirkkonummensoutajat.fi\/index.php?rest_route=\/wp\/v2\/types\/page"}],"author":[{"embeddable":true,"href":"https:\/\/kirkkonummensoutajat.fi\/index.php?rest_route=\/wp\/v2\/users\/1"}],"replies":[{"embeddable":true,"href":"https:\/\/kirkkonummensoutajat.fi\/index.php?rest_route=%2Fwp%2Fv2%2Fcomments&post=41"}],"version-history":[{"count":2,"href":"https:\/\/kirkkonummensoutajat.fi\/index.php?rest_route=\/wp\/v2\/pages\/41\/revisions"}],"predecessor-version":[{"id":157,"href":"https:\/\/kirkkonummensoutajat.fi\/index.php?rest_route=\/wp\/v2\/pages\/41\/revisions\/157"}],"wp:attachment":[{"href":"https:\/\/kirkkonummensoutajat.fi\/index.php?rest_route=%2Fwp%2Fv2%2Fmedia&parent=41"}],"wp:term":[{"taxonomy":"post_tag","embeddable":true,"href":"https:\/\/kirkkonummensoutajat.fi\/index.php?rest_route=%2Fwp%2Fv2%2Ftags&post=41"}],"curies":[{"name":"wp","href":"https:\/\/api.w.org\/{rel}","templated":true}]}}