{"id":59,"date":"2018-03-12T21:35:33","date_gmt":"2018-03-12T19:35:33","guid":{"rendered":"http:\/\/kirkkonummensoutajat.fi\/?page_id=59"},"modified":"2025-05-23T12:50:30","modified_gmt":"2025-05-23T10:50:30","slug":"yhteystiedot","status":"publish","type":"page","link":"https:\/\/kirkkonummensoutajat.fi\/?page_id=59","title":{"rendered":"Yhteystiedot"},"content":{"rendered":"<p>Kirkkonummen Soutajien j\u00e4senen\u00e4 p\u00e4\u00e4set osallistumaan kaikkiin tiistai- ja torstai-iltojen soutuharjoituksiin. Lis\u00e4ksi p\u00e4\u00e4set mukaan talvikauden erilaisiin harjoituksiin sek\u00e4 seuran yhteisiin tapahtumiin. Kirkkonummen soutajien j\u00e4senmaksu v. 2022 on 50\u20ac. J\u00e4seneksi voit liitty\u00e4 maksamalla j\u00e4senmaksun seuran tilille <strong>Aktia<\/strong> <strong>FI19<\/strong> <strong>4055<\/strong> <strong>0010<\/strong> <strong>7967<\/strong> <strong>00<\/strong> (viestikentt\u00e4\u00e4n oma nimi) ja ilmoittamalla yhteystietosi (nimi, osoite, puhelinnumero, s-posti) seuralle s\u00e4hk\u00f6postitse:<strong> info@kirkkonummensoutajat.fi<\/strong><\/p>\n<p>&nbsp;<\/p>\n<p><strong>Johtokunta 2024-2026<\/strong><\/p>\n<p>Erkki Eskola, puheenjohtaja<\/p>\n<p>Marko Hentil\u00e4, varapuheenjohtaja<\/p>\n<p>Tom Urnberg (kalustovastaava)<\/p>\n<p>Susanna Salmi-Hentil\u00e4 (j\u00e4senrekisteri- ja\u00a0tiedotusvastaava)<\/p>\n<p>Kari Kein\u00e4nen (varainhoitaja)<\/p>\n<p>Harri Paakkulainen (majoitusmestari)<\/p>\n<p>varaj\u00e4senin\u00e4 toimivat Anders Wikholm ja Roger Dyhr.<\/p>\n<p>&nbsp;<\/p>\n<p><strong>Johtokunta 2022-2023<\/strong><\/p>\n<p>Anders Wikholm, puheenjohtaja,\u00a0 p. 050 3410171<\/p>\n<p>Harri Paakkulainen, varapuheenjohtaja<\/p>\n<p>Pekka P\u00f6l\u00f6nen, sihteeri<\/p>\n<p>Kari Kein\u00e4nen, rahastonhoitaja<\/p>\n<p>Tom Urnberg, j\u00e4sen<\/p>\n<p>Susanna Salmi-Hentil\u00e4, j\u00e4sen<\/p>\n<p>Erkki Eskola, varaj\u00e4sen<\/p>\n<p>Roger Dyhr, varaj\u00e4sen<\/p>\n<p>&nbsp;<\/p>\n<p><strong>Johtokunta 2018-2019<\/strong><\/p>\n<p>Anders Wikholm, puheenjohtaja,\u00a0 p. 050 3410171<\/p>\n<p>Kalle Gottberg, varapuheenjohtaja, p. 0500-444039<\/p>\n<p>Pekka P\u00f6l\u00f6nen, sihteeri<\/p>\n<p>Rolf Wikstedt, rahastonhoitaja<\/p>\n<p>Aija Aunio, j\u00e4sen<\/p>\n<p>Susanna Salmi-Hentil\u00e4, j\u00e4sen<\/p>\n<p>Erkki Eskola, varaj\u00e4sen<\/p>\n<p>Kari Kein\u00e4nen, varaj\u00e4sen<\/p>\n","protected":false},"excerpt":{"rendered":"<p>Kirkkonummen Soutajien j\u00e4senen\u00e4 p\u00e4\u00e4set osallistumaan kaikkiin tiistai- ja torstai-iltojen soutuharjoituksiin. Lis\u00e4ksi p\u00e4\u00e4set mukaan talvikauden erilaisiin harjoituksiin sek\u00e4 seuran yhteisiin tapahtumiin. Kirkkonummen soutajien j\u00e4senmaksu v. 2022 on 50\u20ac. J\u00e4seneksi voit liitty\u00e4 maksamalla j\u00e4senmaksun seuran tilille Aktia FI19 4055 0010 7967 00 (viestikentt\u00e4\u00e4n oma nimi) ja ilmoittamalla yhteystietosi (nimi, osoite, puhelinnumero, s-posti) seuralle s\u00e4hk\u00f6postitse: info@kirkkonummensoutajat.fi &nbsp; Johtokunta&hellip; <a href=\"https:\/\/kirkkonummensoutajat.fi\/?page_id=59\" class=\"more-link\">Jatka lukemista <span class=\"screen-reader-text\">Yhteystiedot<\/span><\/a><\/p>\n","protected":false},"author":1,"featured_media":0,"parent":0,"menu_order":8,"comment_status":"closed","ping_status":"closed","template":"","meta":{"footnotes":""},"tags":[],"class_list":["post-59","page","type-page","status-publish","hentry","without-featured-image"],"jetpack_sharing_enabled":true,"_links":{"self":[{"href":"https:\/\/kirkkonummensoutajat.fi\/index.php?rest_route=\/wp\/v2\/pages\/59","targetHints":{"allow":["GET"]}}],"collection":[{"href":"https:\/\/kirkkonummensoutajat.fi\/index.php?rest_route=\/wp\/v2\/pages"}],"about":[{"href":"https:\/\/kirkkonummensoutajat.fi\/index.php?rest_route=\/wp\/v2\/types\/page"}],"author":[{"embeddable":true,"href":"https:\/\/kirkkonummensoutajat.fi\/index.php?rest_route=\/wp\/v2\/users\/1"}],"replies":[{"embeddable":true,"href":"https:\/\/kirkkonummensoutajat.fi\/index.php?rest_route=%2Fwp%2Fv2%2Fcomments&post=59"}],"version-history":[{"count":7,"href":"https:\/\/kirkkonummensoutajat.fi\/index.php?rest_route=\/wp\/v2\/pages\/59\/revisions"}],"predecessor-version":[{"id":491,"href":"https:\/\/kirkkonummensoutajat.fi\/index.php?rest_route=\/wp\/v2\/pages\/59\/revisions\/491"}],"wp:attachment":[{"href":"https:\/\/kirkkonummensoutajat.fi\/index.php?rest_route=%2Fwp%2Fv2%2Fmedia&parent=59"}],"wp:term":[{"taxonomy":"post_tag","embeddable":true,"href":"https:\/\/kirkkonummensoutajat.fi\/index.php?rest_route=%2Fwp%2Fv2%2Ftags&post=59"}],"curies":[{"name":"wp","href":"https:\/\/api.w.org\/{rel}","templated":true}]}}